{"id":3421,"date":"2020-11-22T16:20:16","date_gmt":"2020-11-22T14:20:16","guid":{"rendered":"http:\/\/ndscape.de\/?page_id=3421"},"modified":"2023-01-31T11:47:59","modified_gmt":"2023-01-31T09:47:59","slug":"golkoy-bodrum","status":"publish","type":"page","link":"https:\/\/ndscape.de\/introd\/golkoy-bodrum\/","title":{"rendered":"NEF Reserve G\u00f6lk\u00f6y, Bodrum ( Kempinski)"},"content":{"rendered":"\n<p>G\u00f6lk\u00f6y Residential Resort for NEF in collaboration with EAA Architects. The 106 private villas are hidden in a Pine an Olive tree hillside, alongside a small secluded cove. All villas have outdoor timber decks and pools. The outdoor facilities are extended with all luxuries of a hotel, with restaurants, wellness, fitness, concierge and seaside terraces with direct water access.  The resort is to become part of Kempinski hotel group.<\/p>\n\n\n\n<p> <\/p>\n\n\n\n<figure class=\"wp-block-image size-large\"><img width=\"1980\" height=\"1318\" src=\"http:\/\/ndscape.de\/wp-content\/uploads\/2020\/11\/BV_100_150_NF_13.jpg\" alt=\"\" class=\"wp-image-3422\"\/><\/figure>\n\n\n\n<figure class=\"wp-block-image size-large\"><img width=\"1980\" height=\"1316\" src=\"http:\/\/ndscape.de\/wp-content\/uploads\/2023\/01\/100_150_BV_08_update-1.jpg\" alt=\"\" class=\"wp-image-3665\" srcset=\"https:\/\/ndscape.de\/wp-content\/uploads\/2023\/01\/100_150_BV_08_update-1.jpg 1980w, https:\/\/ndscape.de\/wp-content\/uploads\/2023\/01\/100_150_BV_08_update-1-600x399.jpg 600w, https:\/\/ndscape.de\/wp-content\/uploads\/2023\/01\/100_150_BV_08_update-1-768x510.jpg 768w, https:\/\/ndscape.de\/wp-content\/uploads\/2023\/01\/100_150_BV_08_update-1-1536x1021.jpg 1536w\" sizes=\"(max-width: 767px) 89vw, (max-width: 1000px) 54vw, (max-width: 1071px) 543px, 580px\" \/><\/figure>\n\n\n\n<figure class=\"wp-block-image size-large\"><img width=\"1980\" height=\"1316\" src=\"http:\/\/ndscape.de\/wp-content\/uploads\/2023\/01\/100_150_BV_04_update-1.jpg\" alt=\"\" class=\"wp-image-3662\" srcset=\"https:\/\/ndscape.de\/wp-content\/uploads\/2023\/01\/100_150_BV_04_update-1.jpg 1980w, https:\/\/ndscape.de\/wp-content\/uploads\/2023\/01\/100_150_BV_04_update-1-600x399.jpg 600w, https:\/\/ndscape.de\/wp-content\/uploads\/2023\/01\/100_150_BV_04_update-1-768x510.jpg 768w, https:\/\/ndscape.de\/wp-content\/uploads\/2023\/01\/100_150_BV_04_update-1-1536x1021.jpg 1536w\" sizes=\"(max-width: 767px) 89vw, (max-width: 1000px) 54vw, (max-width: 1071px) 543px, 580px\" \/><\/figure>\n\n\n\n<figure class=\"wp-block-gallery has-nested-images columns-default is-cropped\">\n<figure class=\"wp-block-image size-large\"><img width=\"1980\" height=\"1317\" data-id=\"3660\"  src=\"http:\/\/ndscape.de\/wp-content\/uploads\/2023\/01\/100_150_BV_01_update-1.jpg\" alt=\"\" class=\"wp-image-3660\" srcset=\"https:\/\/ndscape.de\/wp-content\/uploads\/2023\/01\/100_150_BV_01_update-1.jpg 1980w, https:\/\/ndscape.de\/wp-content\/uploads\/2023\/01\/100_150_BV_01_update-1-600x399.jpg 600w, https:\/\/ndscape.de\/wp-content\/uploads\/2023\/01\/100_150_BV_01_update-1-768x511.jpg 768w, https:\/\/ndscape.de\/wp-content\/uploads\/2023\/01\/100_150_BV_01_update-1-1536x1022.jpg 1536w\" sizes=\"(max-width: 767px) 89vw, (max-width: 1000px) 54vw, (max-width: 1071px) 543px, 580px\" \/><\/figure>\n<\/figure>\n\n\n\n<figure class=\"wp-block-gallery has-nested-images columns-2 is-cropped\">\n<figure class=\"wp-block-image size-large\"><img width=\"1980\" height=\"1318\" data-id=\"3436\"  src=\"http:\/\/ndscape.de\/wp-content\/uploads\/2020\/11\/100_150_BV_25.jpg\" alt=\"\" class=\"wp-image-3436\"\/><\/figure>\n\n\n\n<figure class=\"wp-block-image size-large\"><img width=\"1980\" height=\"1318\" data-id=\"3435\"  src=\"http:\/\/ndscape.de\/wp-content\/uploads\/2020\/11\/100_150_BV_15.jpg\" alt=\"\" class=\"wp-image-3435\"\/><\/figure>\n\n\n\n<figure class=\"wp-block-image size-large\"><img width=\"1980\" height=\"1318\" data-id=\"3434\"  src=\"http:\/\/ndscape.de\/wp-content\/uploads\/2020\/11\/100_150_BV_14.jpg\" alt=\"\" class=\"wp-image-3434\"\/><\/figure>\n<\/figure>\n\n\n\n<figure class=\"wp-block-gallery has-nested-images columns-2 is-cropped\">\n<figure class=\"wp-block-image size-large\"><img width=\"1980\" height=\"1318\" data-id=\"3439\"  src=\"http:\/\/ndscape.de\/wp-content\/uploads\/2020\/11\/BV_100_150_NF_02.jpg\" alt=\"\" class=\"wp-image-3439\"\/><\/figure>\n\n\n\n<figure class=\"wp-block-image size-large\"><img width=\"1980\" height=\"1319\" data-id=\"3438\"  src=\"http:\/\/ndscape.de\/wp-content\/uploads\/2020\/11\/100_150_BV_38.jpg\" alt=\"\" class=\"wp-image-3438\"\/><\/figure>\n\n\n\n<figure class=\"wp-block-image size-large\"><img width=\"1980\" height=\"1318\" data-id=\"3437\"  src=\"http:\/\/ndscape.de\/wp-content\/uploads\/2020\/11\/100_150_BV_26.jpg\" alt=\"\" class=\"wp-image-3437\"\/><\/figure>\n<\/figure>\n\n\n\n<figure class=\"wp-block-image size-large\"><img width=\"1980\" height=\"805\" src=\"http:\/\/ndscape.de\/wp-content\/uploads\/2019\/04\/65_160_BV_15.jpg\" alt=\"\" class=\"wp-image-3134\" srcset=\"https:\/\/ndscape.de\/wp-content\/uploads\/2019\/04\/65_160_BV_15.jpg 1980w, https:\/\/ndscape.de\/wp-content\/uploads\/2019\/04\/65_160_BV_15-600x244.jpg 600w, https:\/\/ndscape.de\/wp-content\/uploads\/2019\/04\/65_160_BV_15-768x312.jpg 768w, https:\/\/ndscape.de\/wp-content\/uploads\/2019\/04\/65_160_BV_15-1080x439.jpg 1080w\" sizes=\"(max-width: 767px) 89vw, (max-width: 1000px) 54vw, (max-width: 1071px) 543px, 580px\" \/><\/figure>\n\n\n\n<figure class=\"wp-block-gallery has-nested-images columns-2 is-cropped\">\n<figure class=\"wp-block-image size-large\"><img width=\"1980\" height=\"1318\" data-id=\"3430\"  src=\"http:\/\/ndscape.de\/wp-content\/uploads\/2020\/11\/100_150_BV_08.jpg\" alt=\"\" class=\"wp-image-3430\"\/><\/figure>\n\n\n\n<figure class=\"wp-block-image size-large\"><img width=\"1980\" height=\"1318\" data-id=\"3429\"  src=\"http:\/\/ndscape.de\/wp-content\/uploads\/2020\/11\/100_150_BV_07.jpg\" alt=\"\" class=\"wp-image-3429\"\/><\/figure>\n\n\n\n<figure class=\"wp-block-image size-large\"><img width=\"1980\" height=\"1318\" data-id=\"3428\"  src=\"http:\/\/ndscape.de\/wp-content\/uploads\/2020\/11\/100_150_BV_06.jpg\" alt=\"\" class=\"wp-image-3428\"\/><\/figure>\n<\/figure>\n\n\n\n<figure class=\"wp-block-image size-large\"><img width=\"1980\" height=\"1318\" src=\"http:\/\/ndscape.de\/wp-content\/uploads\/2020\/11\/100_150_BV_10.jpg\" alt=\"\" class=\"wp-image-3432\"\/><\/figure>\n\n\n\n<figure class=\"wp-block-gallery has-nested-images columns-2 is-cropped\">\n<figure class=\"wp-block-image size-large\"><img width=\"1980\" height=\"1319\" data-id=\"3427\"  src=\"http:\/\/ndscape.de\/wp-content\/uploads\/2020\/11\/100_150_BV_05.jpg\" alt=\"\" class=\"wp-image-3427\"\/><\/figure>\n\n\n\n<figure class=\"wp-block-image size-large\"><img width=\"1980\" height=\"1318\" data-id=\"3426\"  src=\"http:\/\/ndscape.de\/wp-content\/uploads\/2020\/11\/100_150_BV_04.jpg\" alt=\"\" class=\"wp-image-3426\"\/><\/figure>\n\n\n\n<figure class=\"wp-block-image size-large\"><img width=\"1980\" height=\"1318\" data-id=\"3425\"  src=\"http:\/\/ndscape.de\/wp-content\/uploads\/2020\/11\/100_150_BV_03.jpg\" alt=\"\" class=\"wp-image-3425\"\/><\/figure>\n<\/figure>\n\n\n\n<figure class=\"wp-block-gallery has-nested-images columns-default is-cropped\">\n<figure class=\"wp-block-image size-large\"><img width=\"1980\" height=\"1316\" data-id=\"3661\"  src=\"http:\/\/ndscape.de\/wp-content\/uploads\/2023\/01\/100_150_BV_03_update-1.jpg\" alt=\"\" class=\"wp-image-3661\" srcset=\"https:\/\/ndscape.de\/wp-content\/uploads\/2023\/01\/100_150_BV_03_update-1.jpg 1980w, https:\/\/ndscape.de\/wp-content\/uploads\/2023\/01\/100_150_BV_03_update-1-600x399.jpg 600w, https:\/\/ndscape.de\/wp-content\/uploads\/2023\/01\/100_150_BV_03_update-1-768x510.jpg 768w, https:\/\/ndscape.de\/wp-content\/uploads\/2023\/01\/100_150_BV_03_update-1-1536x1021.jpg 1536w\" sizes=\"(max-width: 767px) 89vw, (max-width: 1000px) 54vw, (max-width: 1071px) 543px, 580px\" \/><\/figure>\n<\/figure>\n\n\n\n<figure class=\"wp-block-gallery has-nested-images columns-default is-cropped\"><\/figure>\n\n\n\n<figure class=\"wp-block-gallery has-nested-images columns-default is-cropped\">\n<figure class=\"wp-block-image size-large\"><img width=\"1980\" height=\"1316\" data-id=\"3663\"  src=\"http:\/\/ndscape.de\/wp-content\/uploads\/2023\/01\/100_150_BV_06_update-1.jpg\" alt=\"\" class=\"wp-image-3663\" srcset=\"https:\/\/ndscape.de\/wp-content\/uploads\/2023\/01\/100_150_BV_06_update-1.jpg 1980w, https:\/\/ndscape.de\/wp-content\/uploads\/2023\/01\/100_150_BV_06_update-1-600x399.jpg 600w, https:\/\/ndscape.de\/wp-content\/uploads\/2023\/01\/100_150_BV_06_update-1-768x510.jpg 768w, https:\/\/ndscape.de\/wp-content\/uploads\/2023\/01\/100_150_BV_06_update-1-1536x1021.jpg 1536w\" sizes=\"(max-width: 767px) 89vw, (max-width: 1000px) 54vw, (max-width: 1071px) 543px, 580px\" \/><\/figure>\n<\/figure>\n\n\n\n<figure class=\"wp-block-gallery has-nested-images columns-default is-cropped\">\n<figure class=\"wp-block-image size-large\"><img width=\"1980\" height=\"1316\" data-id=\"3664\"  src=\"http:\/\/ndscape.de\/wp-content\/uploads\/2023\/01\/100_150_BV_07_update-1.jpg\" alt=\"\" class=\"wp-image-3664\" srcset=\"https:\/\/ndscape.de\/wp-content\/uploads\/2023\/01\/100_150_BV_07_update-1.jpg 1980w, https:\/\/ndscape.de\/wp-content\/uploads\/2023\/01\/100_150_BV_07_update-1-600x399.jpg 600w, https:\/\/ndscape.de\/wp-content\/uploads\/2023\/01\/100_150_BV_07_update-1-768x510.jpg 768w, https:\/\/ndscape.de\/wp-content\/uploads\/2023\/01\/100_150_BV_07_update-1-1536x1021.jpg 1536w\" sizes=\"(max-width: 767px) 89vw, (max-width: 1000px) 54vw, (max-width: 1071px) 543px, 580px\" \/><\/figure>\n<\/figure>\n\n\n\n<figure class=\"wp-block-gallery has-nested-images columns-default is-cropped\"><\/figure>\n\n\n\n<figure class=\"wp-block-gallery has-nested-images columns-default is-cropped\">\n<figure class=\"wp-block-image size-large\"><img width=\"1980\" height=\"1316\" data-id=\"3666\"  src=\"http:\/\/ndscape.de\/wp-content\/uploads\/2023\/01\/100_150_BV_021_update-1.jpg\" alt=\"\" class=\"wp-image-3666\" srcset=\"https:\/\/ndscape.de\/wp-content\/uploads\/2023\/01\/100_150_BV_021_update-1.jpg 1980w, https:\/\/ndscape.de\/wp-content\/uploads\/2023\/01\/100_150_BV_021_update-1-600x399.jpg 600w, https:\/\/ndscape.de\/wp-content\/uploads\/2023\/01\/100_150_BV_021_update-1-768x510.jpg 768w, https:\/\/ndscape.de\/wp-content\/uploads\/2023\/01\/100_150_BV_021_update-1-1536x1021.jpg 1536w\" sizes=\"(max-width: 767px) 89vw, (max-width: 1000px) 54vw, (max-width: 1071px) 543px, 580px\" \/><\/figure>\n<\/figure>\n\n\n\n<figure class=\"wp-block-image size-large\"><img width=\"1980\" height=\"805\" src=\"http:\/\/ndscape.de\/wp-content\/uploads\/2019\/04\/65_160_BV_13.jpg\" alt=\"\" class=\"wp-image-3133\" srcset=\"https:\/\/ndscape.de\/wp-content\/uploads\/2019\/04\/65_160_BV_13.jpg 1980w, https:\/\/ndscape.de\/wp-content\/uploads\/2019\/04\/65_160_BV_13-600x244.jpg 600w, https:\/\/ndscape.de\/wp-content\/uploads\/2019\/04\/65_160_BV_13-768x312.jpg 768w, https:\/\/ndscape.de\/wp-content\/uploads\/2019\/04\/65_160_BV_13-1080x439.jpg 1080w\" sizes=\"(max-width: 767px) 89vw, (max-width: 1000px) 54vw, (max-width: 1071px) 543px, 580px\" \/><\/figure>\n","protected":false},"excerpt":{"rendered":"<p>G\u00f6lk\u00f6y Residential Resort for NEF in collaboration with EAA Architects. The 106 private villas are hidden in a Pine an Olive tree hillside, alongside a small secluded cove. All villas have outdoor timber decks and pools. The outdoor facilities are extended with all luxuries of a hotel, with restaurants, wellness, fitness, concierge and seaside terraces &hellip; <\/p>\n<p class=\"link-more\"><a href=\"https:\/\/ndscape.de\/introd\/golkoy-bodrum\/\" class=\"more-link\">Continue reading<span class=\"screen-reader-text\"> &#8220;NEF Reserve G\u00f6lk\u00f6y, Bodrum ( Kempinski)&#8221;<\/span><\/a><\/p>\n","protected":false},"author":1,"featured_media":0,"parent":0,"menu_order":0,"comment_status":"closed","ping_status":"closed","template":"","meta":[],"yoast_head":"<!-- This site is optimized with the Yoast SEO plugin v18.2 - https:\/\/yoast.com\/wordpress\/plugins\/seo\/ -->\n<title>NEF Reserve G\u00f6lk\u00f6y, Bodrum ( Kempinski) - SALM.L@NDSCAPE<\/title>\n<meta name=\"robots\" content=\"index, follow, max-snippet:-1, max-image-preview:large, max-video-preview:-1\" \/>\n<link rel=\"canonical\" href=\"https:\/\/ndscape.de\/introd\/golkoy-bodrum\/\" \/>\n<meta property=\"og:locale\" content=\"en_GB\" \/>\n<meta property=\"og:type\" content=\"article\" \/>\n<meta property=\"og:title\" content=\"NEF Reserve G\u00f6lk\u00f6y, Bodrum ( Kempinski) - SALM.L@NDSCAPE\" \/>\n<meta property=\"og:description\" content=\"G\u00f6lk\u00f6y Residential Resort for NEF in collaboration with EAA Architects. The 106 private villas are hidden in a Pine an Olive tree hillside, alongside a small secluded cove. All villas have outdoor timber decks and pools. The outdoor facilities are extended with all luxuries of a hotel, with restaurants, wellness, fitness, concierge and seaside terraces &hellip; Continue reading &quot;NEF Reserve G\u00f6lk\u00f6y, Bodrum ( Kempinski)&quot;\" \/>\n<meta property=\"og:url\" content=\"https:\/\/ndscape.de\/introd\/golkoy-bodrum\/\" \/>\n<meta property=\"og:site_name\" content=\"SALM.L@NDSCAPE\" \/>\n<meta property=\"article:publisher\" content=\"https:\/\/www.facebook.com\/Herman.Salm\/\" \/>\n<meta property=\"article:modified_time\" content=\"2023-01-31T09:47:59+00:00\" \/>\n<meta property=\"og:image\" content=\"http:\/\/ndscape.de\/wp-content\/uploads\/2020\/11\/BV_100_150_NF_13.jpg\" \/>\n<meta name=\"twitter:card\" content=\"summary_large_image\" \/>\n<meta name=\"twitter:label1\" content=\"Estimated reading time\" \/>\n\t<meta name=\"twitter:data1\" content=\"5 minutes\" \/>\n<script type=\"application\/ld+json\" class=\"yoast-schema-graph\">{\"@context\":\"https:\/\/schema.org\",\"@graph\":[{\"@type\":\"Organization\",\"@id\":\"http:\/\/ndscape.de\/introd\/#organization\",\"name\":\"salm.l@ndscape.de\",\"url\":\"http:\/\/ndscape.de\/introd\/\",\"sameAs\":[\"https:\/\/www.facebook.com\/Herman.Salm\/\",\"https:\/\/www.instagram.com\/herman_salm\/\",\"https:\/\/de.linkedin.com\/in\/herman-salm-a2796519\"],\"logo\":{\"@type\":\"ImageObject\",\"@id\":\"http:\/\/ndscape.de\/introd\/#logo\",\"inLanguage\":\"en-GB\",\"url\":\"http:\/\/ndscape.de\/wp-content\/uploads\/2015\/04\/ndscape1.png\",\"contentUrl\":\"http:\/\/ndscape.de\/wp-content\/uploads\/2015\/04\/ndscape1.png\",\"width\":602,\"height\":140,\"caption\":\"salm.l@ndscape.de\"},\"image\":{\"@id\":\"http:\/\/ndscape.de\/introd\/#logo\"}},{\"@type\":\"WebSite\",\"@id\":\"http:\/\/ndscape.de\/introd\/#website\",\"url\":\"http:\/\/ndscape.de\/introd\/\",\"name\":\"SALM.L@NDSCAPE\",\"description\":\"LANDSCAPE ARCHITECTURE\",\"publisher\":{\"@id\":\"http:\/\/ndscape.de\/introd\/#organization\"},\"potentialAction\":[{\"@type\":\"SearchAction\",\"target\":{\"@type\":\"EntryPoint\",\"urlTemplate\":\"http:\/\/ndscape.de\/introd\/?s={search_term_string}\"},\"query-input\":\"required name=search_term_string\"}],\"inLanguage\":\"en-GB\"},{\"@type\":\"ImageObject\",\"@id\":\"https:\/\/ndscape.de\/introd\/golkoy-bodrum\/#primaryimage\",\"inLanguage\":\"en-GB\",\"url\":\"http:\/\/ndscape.de\/wp-content\/uploads\/2020\/11\/BV_100_150_NF_13.jpg\",\"contentUrl\":\"http:\/\/ndscape.de\/wp-content\/uploads\/2020\/11\/BV_100_150_NF_13.jpg\"},{\"@type\":\"WebPage\",\"@id\":\"https:\/\/ndscape.de\/introd\/golkoy-bodrum\/#webpage\",\"url\":\"https:\/\/ndscape.de\/introd\/golkoy-bodrum\/\",\"name\":\"NEF Reserve G\u00f6lk\u00f6y, Bodrum ( Kempinski) - SALM.L@NDSCAPE\",\"isPartOf\":{\"@id\":\"http:\/\/ndscape.de\/introd\/#website\"},\"primaryImageOfPage\":{\"@id\":\"https:\/\/ndscape.de\/introd\/golkoy-bodrum\/#primaryimage\"},\"datePublished\":\"2020-11-22T14:20:16+00:00\",\"dateModified\":\"2023-01-31T09:47:59+00:00\",\"breadcrumb\":{\"@id\":\"https:\/\/ndscape.de\/introd\/golkoy-bodrum\/#breadcrumb\"},\"inLanguage\":\"en-GB\",\"potentialAction\":[{\"@type\":\"ReadAction\",\"target\":[\"https:\/\/ndscape.de\/introd\/golkoy-bodrum\/\"]}]},{\"@type\":\"BreadcrumbList\",\"@id\":\"https:\/\/ndscape.de\/introd\/golkoy-bodrum\/#breadcrumb\",\"itemListElement\":[{\"@type\":\"ListItem\",\"position\":1,\"name\":\"Home\",\"item\":\"https:\/\/ndscape.de\/introd\/\"},{\"@type\":\"ListItem\",\"position\":2,\"name\":\"NEF Reserve G\u00f6lk\u00f6y, Bodrum ( Kempinski)\"}]}]}<\/script>\n<!-- \/ Yoast SEO plugin. -->","yoast_head_json":{"title":"NEF Reserve G\u00f6lk\u00f6y, Bodrum ( Kempinski) - SALM.L@NDSCAPE","robots":{"index":"index","follow":"follow","max-snippet":"max-snippet:-1","max-image-preview":"max-image-preview:large","max-video-preview":"max-video-preview:-1"},"canonical":"https:\/\/ndscape.de\/introd\/golkoy-bodrum\/","og_locale":"en_GB","og_type":"article","og_title":"NEF Reserve G\u00f6lk\u00f6y, Bodrum ( Kempinski) - SALM.L@NDSCAPE","og_description":"G\u00f6lk\u00f6y Residential Resort for NEF in collaboration with EAA Architects. The 106 private villas are hidden in a Pine an Olive tree hillside, alongside a small secluded cove. All villas have outdoor timber decks and pools. The outdoor facilities are extended with all luxuries of a hotel, with restaurants, wellness, fitness, concierge and seaside terraces &hellip; Continue reading \"NEF Reserve G\u00f6lk\u00f6y, Bodrum ( Kempinski)\"","og_url":"https:\/\/ndscape.de\/introd\/golkoy-bodrum\/","og_site_name":"SALM.L@NDSCAPE","article_publisher":"https:\/\/www.facebook.com\/Herman.Salm\/","article_modified_time":"2023-01-31T09:47:59+00:00","og_image":[{"url":"http:\/\/ndscape.de\/wp-content\/uploads\/2020\/11\/BV_100_150_NF_13.jpg"}],"twitter_card":"summary_large_image","twitter_misc":{"Estimated reading time":"5 minutes"},"schema":{"@context":"https:\/\/schema.org","@graph":[{"@type":"Organization","@id":"http:\/\/ndscape.de\/introd\/#organization","name":"salm.l@ndscape.de","url":"http:\/\/ndscape.de\/introd\/","sameAs":["https:\/\/www.facebook.com\/Herman.Salm\/","https:\/\/www.instagram.com\/herman_salm\/","https:\/\/de.linkedin.com\/in\/herman-salm-a2796519"],"logo":{"@type":"ImageObject","@id":"http:\/\/ndscape.de\/introd\/#logo","inLanguage":"en-GB","url":"http:\/\/ndscape.de\/wp-content\/uploads\/2015\/04\/ndscape1.png","contentUrl":"http:\/\/ndscape.de\/wp-content\/uploads\/2015\/04\/ndscape1.png","width":602,"height":140,"caption":"salm.l@ndscape.de"},"image":{"@id":"http:\/\/ndscape.de\/introd\/#logo"}},{"@type":"WebSite","@id":"http:\/\/ndscape.de\/introd\/#website","url":"http:\/\/ndscape.de\/introd\/","name":"SALM.L@NDSCAPE","description":"LANDSCAPE ARCHITECTURE","publisher":{"@id":"http:\/\/ndscape.de\/introd\/#organization"},"potentialAction":[{"@type":"SearchAction","target":{"@type":"EntryPoint","urlTemplate":"http:\/\/ndscape.de\/introd\/?s={search_term_string}"},"query-input":"required name=search_term_string"}],"inLanguage":"en-GB"},{"@type":"ImageObject","@id":"https:\/\/ndscape.de\/introd\/golkoy-bodrum\/#primaryimage","inLanguage":"en-GB","url":"http:\/\/ndscape.de\/wp-content\/uploads\/2020\/11\/BV_100_150_NF_13.jpg","contentUrl":"http:\/\/ndscape.de\/wp-content\/uploads\/2020\/11\/BV_100_150_NF_13.jpg"},{"@type":"WebPage","@id":"https:\/\/ndscape.de\/introd\/golkoy-bodrum\/#webpage","url":"https:\/\/ndscape.de\/introd\/golkoy-bodrum\/","name":"NEF Reserve G\u00f6lk\u00f6y, Bodrum ( Kempinski) - SALM.L@NDSCAPE","isPartOf":{"@id":"http:\/\/ndscape.de\/introd\/#website"},"primaryImageOfPage":{"@id":"https:\/\/ndscape.de\/introd\/golkoy-bodrum\/#primaryimage"},"datePublished":"2020-11-22T14:20:16+00:00","dateModified":"2023-01-31T09:47:59+00:00","breadcrumb":{"@id":"https:\/\/ndscape.de\/introd\/golkoy-bodrum\/#breadcrumb"},"inLanguage":"en-GB","potentialAction":[{"@type":"ReadAction","target":["https:\/\/ndscape.de\/introd\/golkoy-bodrum\/"]}]},{"@type":"BreadcrumbList","@id":"https:\/\/ndscape.de\/introd\/golkoy-bodrum\/#breadcrumb","itemListElement":[{"@type":"ListItem","position":1,"name":"Home","item":"https:\/\/ndscape.de\/introd\/"},{"@type":"ListItem","position":2,"name":"NEF Reserve G\u00f6lk\u00f6y, Bodrum ( Kempinski)"}]}]}},"_links":{"self":[{"href":"https:\/\/ndscape.de\/introd\/wp-json\/wp\/v2\/pages\/3421"}],"collection":[{"href":"https:\/\/ndscape.de\/introd\/wp-json\/wp\/v2\/pages"}],"about":[{"href":"https:\/\/ndscape.de\/introd\/wp-json\/wp\/v2\/types\/page"}],"author":[{"embeddable":true,"href":"https:\/\/ndscape.de\/introd\/wp-json\/wp\/v2\/users\/1"}],"replies":[{"embeddable":true,"href":"https:\/\/ndscape.de\/introd\/wp-json\/wp\/v2\/comments?post=3421"}],"version-history":[{"count":6,"href":"https:\/\/ndscape.de\/introd\/wp-json\/wp\/v2\/pages\/3421\/revisions"}],"predecessor-version":[{"id":3700,"href":"https:\/\/ndscape.de\/introd\/wp-json\/wp\/v2\/pages\/3421\/revisions\/3700"}],"wp:attachment":[{"href":"https:\/\/ndscape.de\/introd\/wp-json\/wp\/v2\/media?parent=3421"}],"curies":[{"name":"wp","href":"https:\/\/api.w.org\/{rel}","templated":true}]}}