{"id":423,"date":"2015-03-11T12:49:24","date_gmt":"2015-03-11T12:49:24","guid":{"rendered":"http:\/\/ndscape.de\/?page_id=423"},"modified":"2025-12-08T14:44:46","modified_gmt":"2025-12-08T12:44:46","slug":"contact","status":"publish","type":"page","link":"https:\/\/ndscape.de\/introd\/contact\/","title":{"rendered":"Contact"},"content":{"rendered":"\n<p><strong>salm.l@ndscape.de<\/strong><br>Karl Schmid Str. 14<br>81829 M\u00fcnchen<br>T. +49 (0) 151 65101051<br>office.l(at)ndscape.de<br>www.ndscape.de<br><\/p>\n\n\n\n<p><strong>Management<\/strong><br>Herman Salm,<br>Landscape  Architect, Nr. 178165<br>Town Planer  Nr. 41300<br><br>Bayerische Architektenkammer<br>Waisenhausstr. 4<br>80637 M\u00fcnchen<br><a href=\"http:\/\/www.byak.de\/\" target=\"_blank\" rel=\"noreferrer noopener\">www.byak.de<\/a><\/p>\n\n\n\n<p>The professional practice ethics and fee structure of the Bavarian Architectual Chamber prevail and are enforced. (HOAI).<\/p>\n\n\n\n<p><strong>VAT-Id.Nr. according to  \u00a727a  of the German VAT law<\/strong><br>DE 131264967<\/p>\n\n\n\n<p style=\"font-size:11px\"><strong>Haftungshinweise<\/strong><br>Die auf dieser Website ver\u00f6ffentlichten Informationen wurden mit gr\u00f6\u00dfter Sorgfalt zusammengestellt. Dennoch \u00fcbernimmt der Betreiber keine Haftung f\u00fcr Richtigkeit, Vollst\u00e4ndigkeit oder Aktualit\u00e4t der bereitgestellten Informationen.<\/p>\n\n\n\n<p style=\"font-size:11px\"><strong>Haftung f\u00fcr Links<\/strong><br>Unser Angebot enth\u00e4lt Links zu externen Webseiten Dritter, auf deren Inhalte wir keinen Einfluss haben. Deshalb k\u00f6nnen wir f\u00fcr diese fremden Inhalte auch keine Gew\u00e4hr \u00fcbernehmen. F\u00fcr die Inhalte der verlinkten Seiten ist stets der jeweilige Anbieter oder Betreiber der Seiten verantwortlich. Die verlinkten Seiten wurden zum Zeitpunkt der Verlinkung auf m\u00f6gliche Rechtsverst\u00f6\u00dfe \u00fcberpr\u00fcft. Rechtswidrige Inhalte waren zum Zeitpunkt der Verlinkung nicht erkennbar. Eine permanente inhaltliche Kontrolle der verlinkten Seiten ist jedoch ohne konkrete Anhaltspunkte einer Rechtsverletzung nicht zumutbar. Bei Bekanntwerden von Rechtsverletzungen werden wir derartige Links umgehend entfernen.<\/p>\n\n\n\n<p style=\"font-size:11px\"><strong>Urheberrecht<\/strong><br>Alle Texte, Grafiken und Bilder sowie die Website in Teilen und im Ganzen unterliegen dem Urheberrecht und d\u00fcrfen ohne Genehmigung von salm.l@ndschaft.de nicht vervielf\u00e4ltigt werden.<\/p>\n\n\n\n<p style=\"font-size:11px\"><strong>Datenschutz<\/strong><br>Die Nutzung unserer Webseite ist in der Regel ohne Angabe personenbezogener Daten m\u00f6glich. Soweit auf unseren Seiten personenbezogene Daten (beispielsweise Name, Anschrift oder E-Mail-Adressen) erhoben werden, erfolgt dies, soweit m\u00f6glich, stets auf freiwilliger Basis. Diese Daten werden ohne Ihre ausdr\u00fcckliche Zustimmung nicht an Dritte weitergegeben. Wir weisen darauf hin, dass die Daten\u00fcbertragung im Internet (z. B. bei der Kommunikation per E-Mail) Sicherheitsl\u00fccken aufweisen kann. Ein l\u00fcckenloser Schutz der Daten vor dem Zugriff durch Dritte ist nicht m\u00f6glich. Der Nutzung von im Rahmen der Impressumspflicht ver\u00f6ffentlichten Kontaktdaten durch Dritte zur \u00dcbersendung von nicht ausdr\u00fccklich angeforderter Werbung und Informationsmaterialien wird hiermit ausdr\u00fccklich widersprochen. Die Betreiber der Seiten behalten sich ausdr\u00fccklich rechtliche Schritte im Falle der unverlangten Zusendung von Werbeinformationen, etwa durch Spam-Mails, vor.<\/p>\n\n\n\n<p style=\"font-size:11px\"><strong>Anonyme Auswertung von Benutzerdaten<\/strong><br>Diese Website benutzt Google Analytics, einen Webanalysedienst der Google Inc. (Google). Google Analytics verwendet sog. Cookies, Textdateien, die auf Ihrem Computer gespeichert werden und die eine Analyse der Benutzung der Website durch Sie erm\u00f6glichen. Die durch das Cookie erzeugten Informationen \u00fcber Ihre Benutzung dieser Website werden in der Regel an einen Server von Google in den USA \u00fcbertragen und dort gespeichert. Im Falle der Aktivierung der IP-Anonymisierung auf dieser Webseite, wird Ihre IP-Adresse von Google jedoch innerhalb von Mitgliedstaaten der Europ\u00e4ischen Union oder in anderen Vertragsstaaten des Abkommens \u00fcber den Europ\u00e4ischen Wirtschaftsraum zuvor gek\u00fcrzt. Nur in Ausnahmef\u00e4llen wird die volle IP-Adresse an einen Server von Google in den USA \u00fcbertragen und dort gek\u00fcrzt. Im Auftrag des Betreibers dieser Website wird Google diese Informationen benutzen, um Ihre Nutzung der Website auszuwerten, um Reports \u00fcber die Websiteaktivit\u00e4ten zusammenzustellen und um weitere mit der Websitenutzung und der Internetnutzung verbundene Dienstleistungen gegen\u00fcber dem Websitebetreiber zu erbringen. Die im Rahmen von Google Analytics von Ihrem Browser \u00fcbermittelte IP-Adresse wird nicht mit anderen Daten von Google zusammengef\u00fchrt. Sie k\u00f6nnen die Speicherung der Cookies durch eine entsprechende Einstellung Ihrer Browser-Software verhindern; wir weisen Sie jedoch darauf hin, dass Sie in diesem Fall gegebenenfalls nicht s\u00e4mtliche Funktionen dieser Website vollumf\u00e4nglich werden nutzen k\u00f6nnen. Sie k\u00f6nnen dar\u00fcber hinaus die Erfassung der durch das Cookie erzeugten und auf Ihre Nutzung der Website bezogenen Daten (inkl. Ihrer IP-Adresse) an Google sowie die Verarbeitung dieser Daten durch Google verhindern, indem sie das unter dem folgenden Link verf\u00fcgbare Browser-Plugin herunterladen und installieren: <a href=\"http:\/\/tools.google.com\/dlpage\/gaoptout?hl=de\" target=\"_blank\" rel=\"noreferrer noopener\">http:\/\/tools.google.com\/dlpage\/gaoptout?hl=de<\/a>. N\u00e4here Informationen hierzu finden Sie unter <a href=\"http:\/\/tools.google.com\/dlpage\/gaoptout?hl=de\" target=\"_blank\" rel=\"noreferrer noopener\">http:\/\/tools.google.com\/dlpage\/gaoptout?hl=de<\/a> bzw. unter <a href=\"http:\/\/www.google.com\/intl\/de\/analytics\/privacyoverview.html\" target=\"_blank\" rel=\"noreferrer noopener\">http:\/\/www.google.com\/intl\/de\/analytics\/privacyoverview.html<\/a> (allgemeine Informationen zu Google Analytics und Datenschutz). Wir weisen Sie darauf hin, dass auf dieser Webseite Google Analytics um den Code gat._anonymizeIp() erweitert wurde, um eine anonymisierte Erfassung von IP-Adressen (sog. IP-Masking) zu gew\u00e4hrleisten.<\/p>\n\n\n\n<p style=\"font-size:11px\"><strong>Konzeption und Gestaltung<\/strong><br>Herman Salm<\/p>\n","protected":false},"excerpt":{"rendered":"<p>salm.l@ndscape.deKarl Schmid Str. 1481829 M\u00fcnchenT. +49 (0) 151 65101051office.l(at)ndscape.dewww.ndscape.de ManagementHerman Salm,Landscape Architect, Nr. 178165Town Planer Nr. 41300 Bayerische ArchitektenkammerWaisenhausstr. 480637 M\u00fcnchenwww.byak.de The professional practice ethics and fee structure of the Bavarian Architectual Chamber prevail and are enforced. (HOAI). VAT-Id.Nr. according to \u00a727a of the German VAT lawDE 131264967 HaftungshinweiseDie auf dieser Website ver\u00f6ffentlichten Informationen wurden &hellip; <\/p>\n<p class=\"link-more\"><a href=\"https:\/\/ndscape.de\/introd\/contact\/\" class=\"more-link\">Continue reading<span class=\"screen-reader-text\"> &#8220;Contact&#8221;<\/span><\/a><\/p>\n","protected":false},"author":2,"featured_media":0,"parent":0,"menu_order":0,"comment_status":"closed","ping_status":"open","template":"","meta":[],"yoast_head":"<!-- This site is optimized with the Yoast SEO plugin v18.2 - https:\/\/yoast.com\/wordpress\/plugins\/seo\/ -->\n<title>Contact - SALM.L@NDSCAPE<\/title>\n<meta name=\"robots\" content=\"index, follow, max-snippet:-1, max-image-preview:large, max-video-preview:-1\" \/>\n<link rel=\"canonical\" href=\"http:\/\/ndscape.de\/introd\/contact\/\" \/>\n<meta property=\"og:locale\" content=\"en_GB\" \/>\n<meta property=\"og:type\" content=\"article\" \/>\n<meta property=\"og:title\" content=\"Contact - SALM.L@NDSCAPE\" \/>\n<meta property=\"og:description\" content=\"salm.l@ndscape.deKarl Schmid Str. 1481829 M\u00fcnchenT. +49 (0) 151 65101051office.l(at)ndscape.dewww.ndscape.de ManagementHerman Salm,Landscape Architect, Nr. 178165Town Planer Nr. 41300 Bayerische ArchitektenkammerWaisenhausstr. 480637 M\u00fcnchenwww.byak.de The professional practice ethics and fee structure of the Bavarian Architectual Chamber prevail and are enforced. (HOAI). VAT-Id.Nr. according to \u00a727a of the German VAT lawDE 131264967 HaftungshinweiseDie auf dieser Website ver\u00f6ffentlichten Informationen wurden &hellip; Continue reading &quot;Contact&quot;\" \/>\n<meta property=\"og:url\" content=\"http:\/\/ndscape.de\/introd\/contact\/\" \/>\n<meta property=\"og:site_name\" content=\"SALM.L@NDSCAPE\" \/>\n<meta property=\"article:publisher\" content=\"https:\/\/www.facebook.com\/Herman.Salm\/\" \/>\n<meta property=\"article:modified_time\" content=\"2025-12-08T12:44:46+00:00\" \/>\n<meta name=\"twitter:card\" content=\"summary_large_image\" \/>\n<meta name=\"twitter:label1\" content=\"Estimated reading time\" \/>\n\t<meta name=\"twitter:data1\" content=\"3 minutes\" \/>\n<script type=\"application\/ld+json\" class=\"yoast-schema-graph\">{\"@context\":\"https:\/\/schema.org\",\"@graph\":[{\"@type\":\"Organization\",\"@id\":\"https:\/\/ndscape.de\/introd\/#organization\",\"name\":\"salm.l@ndscape.de\",\"url\":\"https:\/\/ndscape.de\/introd\/\",\"sameAs\":[\"https:\/\/www.facebook.com\/Herman.Salm\/\",\"https:\/\/www.instagram.com\/herman_salm\/\",\"https:\/\/de.linkedin.com\/in\/herman-salm-a2796519\"],\"logo\":{\"@type\":\"ImageObject\",\"@id\":\"https:\/\/ndscape.de\/introd\/#logo\",\"inLanguage\":\"en-GB\",\"url\":\"http:\/\/ndscape.de\/wp-content\/uploads\/2015\/04\/ndscape1.png\",\"contentUrl\":\"http:\/\/ndscape.de\/wp-content\/uploads\/2015\/04\/ndscape1.png\",\"width\":602,\"height\":140,\"caption\":\"salm.l@ndscape.de\"},\"image\":{\"@id\":\"https:\/\/ndscape.de\/introd\/#logo\"}},{\"@type\":\"WebSite\",\"@id\":\"https:\/\/ndscape.de\/introd\/#website\",\"url\":\"https:\/\/ndscape.de\/introd\/\",\"name\":\"SALM.L@NDSCAPE\",\"description\":\"LANDSCAPE ARCHITECTURE\",\"publisher\":{\"@id\":\"https:\/\/ndscape.de\/introd\/#organization\"},\"potentialAction\":[{\"@type\":\"SearchAction\",\"target\":{\"@type\":\"EntryPoint\",\"urlTemplate\":\"https:\/\/ndscape.de\/introd\/?s={search_term_string}\"},\"query-input\":\"required name=search_term_string\"}],\"inLanguage\":\"en-GB\"},{\"@type\":\"WebPage\",\"@id\":\"http:\/\/ndscape.de\/introd\/contact\/#webpage\",\"url\":\"http:\/\/ndscape.de\/introd\/contact\/\",\"name\":\"Contact - SALM.L@NDSCAPE\",\"isPartOf\":{\"@id\":\"https:\/\/ndscape.de\/introd\/#website\"},\"datePublished\":\"2015-03-11T12:49:24+00:00\",\"dateModified\":\"2025-12-08T12:44:46+00:00\",\"breadcrumb\":{\"@id\":\"http:\/\/ndscape.de\/introd\/contact\/#breadcrumb\"},\"inLanguage\":\"en-GB\",\"potentialAction\":[{\"@type\":\"ReadAction\",\"target\":[\"http:\/\/ndscape.de\/introd\/contact\/\"]}]},{\"@type\":\"BreadcrumbList\",\"@id\":\"http:\/\/ndscape.de\/introd\/contact\/#breadcrumb\",\"itemListElement\":[{\"@type\":\"ListItem\",\"position\":1,\"name\":\"Home\",\"item\":\"https:\/\/ndscape.de\/introd\/\"},{\"@type\":\"ListItem\",\"position\":2,\"name\":\"Contact\"}]}]}<\/script>\n<!-- \/ Yoast SEO plugin. -->","yoast_head_json":{"title":"Contact - SALM.L@NDSCAPE","robots":{"index":"index","follow":"follow","max-snippet":"max-snippet:-1","max-image-preview":"max-image-preview:large","max-video-preview":"max-video-preview:-1"},"canonical":"http:\/\/ndscape.de\/introd\/contact\/","og_locale":"en_GB","og_type":"article","og_title":"Contact - SALM.L@NDSCAPE","og_description":"salm.l@ndscape.deKarl Schmid Str. 1481829 M\u00fcnchenT. +49 (0) 151 65101051office.l(at)ndscape.dewww.ndscape.de ManagementHerman Salm,Landscape Architect, Nr. 178165Town Planer Nr. 41300 Bayerische ArchitektenkammerWaisenhausstr. 480637 M\u00fcnchenwww.byak.de The professional practice ethics and fee structure of the Bavarian Architectual Chamber prevail and are enforced. (HOAI). VAT-Id.Nr. according to \u00a727a of the German VAT lawDE 131264967 HaftungshinweiseDie auf dieser Website ver\u00f6ffentlichten Informationen wurden &hellip; Continue reading \"Contact\"","og_url":"http:\/\/ndscape.de\/introd\/contact\/","og_site_name":"SALM.L@NDSCAPE","article_publisher":"https:\/\/www.facebook.com\/Herman.Salm\/","article_modified_time":"2025-12-08T12:44:46+00:00","twitter_card":"summary_large_image","twitter_misc":{"Estimated reading time":"3 minutes"},"schema":{"@context":"https:\/\/schema.org","@graph":[{"@type":"Organization","@id":"https:\/\/ndscape.de\/introd\/#organization","name":"salm.l@ndscape.de","url":"https:\/\/ndscape.de\/introd\/","sameAs":["https:\/\/www.facebook.com\/Herman.Salm\/","https:\/\/www.instagram.com\/herman_salm\/","https:\/\/de.linkedin.com\/in\/herman-salm-a2796519"],"logo":{"@type":"ImageObject","@id":"https:\/\/ndscape.de\/introd\/#logo","inLanguage":"en-GB","url":"http:\/\/ndscape.de\/wp-content\/uploads\/2015\/04\/ndscape1.png","contentUrl":"http:\/\/ndscape.de\/wp-content\/uploads\/2015\/04\/ndscape1.png","width":602,"height":140,"caption":"salm.l@ndscape.de"},"image":{"@id":"https:\/\/ndscape.de\/introd\/#logo"}},{"@type":"WebSite","@id":"https:\/\/ndscape.de\/introd\/#website","url":"https:\/\/ndscape.de\/introd\/","name":"SALM.L@NDSCAPE","description":"LANDSCAPE ARCHITECTURE","publisher":{"@id":"https:\/\/ndscape.de\/introd\/#organization"},"potentialAction":[{"@type":"SearchAction","target":{"@type":"EntryPoint","urlTemplate":"https:\/\/ndscape.de\/introd\/?s={search_term_string}"},"query-input":"required name=search_term_string"}],"inLanguage":"en-GB"},{"@type":"WebPage","@id":"http:\/\/ndscape.de\/introd\/contact\/#webpage","url":"http:\/\/ndscape.de\/introd\/contact\/","name":"Contact - SALM.L@NDSCAPE","isPartOf":{"@id":"https:\/\/ndscape.de\/introd\/#website"},"datePublished":"2015-03-11T12:49:24+00:00","dateModified":"2025-12-08T12:44:46+00:00","breadcrumb":{"@id":"http:\/\/ndscape.de\/introd\/contact\/#breadcrumb"},"inLanguage":"en-GB","potentialAction":[{"@type":"ReadAction","target":["http:\/\/ndscape.de\/introd\/contact\/"]}]},{"@type":"BreadcrumbList","@id":"http:\/\/ndscape.de\/introd\/contact\/#breadcrumb","itemListElement":[{"@type":"ListItem","position":1,"name":"Home","item":"https:\/\/ndscape.de\/introd\/"},{"@type":"ListItem","position":2,"name":"Contact"}]}]}},"_links":{"self":[{"href":"https:\/\/ndscape.de\/introd\/wp-json\/wp\/v2\/pages\/423"}],"collection":[{"href":"https:\/\/ndscape.de\/introd\/wp-json\/wp\/v2\/pages"}],"about":[{"href":"https:\/\/ndscape.de\/introd\/wp-json\/wp\/v2\/types\/page"}],"author":[{"embeddable":true,"href":"https:\/\/ndscape.de\/introd\/wp-json\/wp\/v2\/users\/2"}],"replies":[{"embeddable":true,"href":"https:\/\/ndscape.de\/introd\/wp-json\/wp\/v2\/comments?post=423"}],"version-history":[{"count":54,"href":"https:\/\/ndscape.de\/introd\/wp-json\/wp\/v2\/pages\/423\/revisions"}],"predecessor-version":[{"id":3707,"href":"https:\/\/ndscape.de\/introd\/wp-json\/wp\/v2\/pages\/423\/revisions\/3707"}],"wp:attachment":[{"href":"https:\/\/ndscape.de\/introd\/wp-json\/wp\/v2\/media?parent=423"}],"curies":[{"name":"wp","href":"https:\/\/api.w.org\/{rel}","templated":true}]}}